{"id":1483,"date":"2022-02-10T16:39:02","date_gmt":"2022-02-10T15:39:02","guid":{"rendered":"https:\/\/rushactiongame.fr\/bordeaux\/?page_id=1483"},"modified":"2025-09-26T19:44:47","modified_gmt":"2025-09-26T17:44:47","slug":"reserver","status":"publish","type":"page","link":"https:\/\/rushactiongame.fr\/bordeaux\/reserver\/","title":{"rendered":"Reserver"},"content":{"rendered":"\n<section id=\"\" class=\"svg-text \" block-slug=\"block_75ee6f99e9dc13e8bed09a9bbe083c7c\"\n style=\"margin-top: 15vh;margin-bottom: 3vh;\">\n    <svg height=\"8vh\" width=\"35vw\">\n        <text x=\"0\" y=\"50%\" textLength=\"35vw\" style=\"font-size: 8vh\" >r\u00e9server<\/text>\n    <\/svg>\n<\/section>\n\n\n<div  class=\"spacer-block\" style=\"height: 10vh;\"><\/div>\n\n\n<div class=\"wp-block-group is-style-container\"><div class=\"wp-block-group__inner-container is-layout-constrained wp-block-group-is-layout-constrained\">\n<div class=\"forescape-catalog\" data-widget-id=\"95898142-3aa1-438d-a601-c671a3e9c703\" data-settings=\"b64.eyJkb21haW4iOiJydXNoLWJvcmRlYXV4LjRlc2NhcGUuaW8ifQ==\"><\/div>\n<div class=\"forescape-cart\" data-settings=\"b64.eyJkb21haW4iOiJydXNoLWJvcmRlYXV4LjRlc2NhcGUuaW8ifQ==\"><\/div>\n\n<script>!function(){var e=document.createElement(\"link\");e.href=\"https:\/\/widgets.4escape.app\/main.css\",e.rel=\"stylesheet\",e.crossOrigin=\"anonymous\",document.head.appendChild(e);var t=document.createElement(\"script\");t.defer=!0,t.type=\"module\",t.src=\"https:\/\/widgets.4escape.app\/main.js\",document.body.appendChild(t)}();<\/script>\n\n<\/div><\/div>\n\n\n\n<div  class=\"spacer-block\" style=\"height: 10vh;\"><\/div>\n\n\n<div style=\"height:50px\" aria-hidden=\"true\" class=\"wp-block-spacer\"><\/div>\n\n\n\n<div class=\"wp-block-group is-style-container hide-on-mobile has-white-color has-text-color has-link-color wp-elements-21d4bd8c3f6218befbe95e7cdc0bca70\"><div class=\"wp-block-group__inner-container is-layout-constrained wp-block-group-is-layout-constrained\">\n<div class=\"wp-block-columns is-layout-flex wp-container-core-columns-is-layout-9d6595d7 wp-block-columns-is-layout-flex\">\n<div class=\"wp-block-column is-vertically-aligned-top is-layout-flow wp-block-column-is-layout-flow\">\n<div class=\"wp-block-columns is-layout-flex wp-container-core-columns-is-layout-9d6595d7 wp-block-columns-is-layout-flex\">\n<div class=\"wp-block-column is-vertically-aligned-top is-layout-flow wp-block-column-is-layout-flow\" style=\"flex-basis:10%\"><div class=\"wp-block-image\">\n<figure class=\"alignleft size-full is-resized\"><img decoding=\"async\" src=\"https:\/\/rushactiongame.fr\/belfort\/wp-content\/uploads\/2023\/12\/separate.svg\" alt=\"\" class=\"wp-image-2665\" style=\"width:auto;height:50px\"\/><\/figure>\n<\/div><\/div>\n\n\n\n<div class=\"wp-block-column is-layout-flow wp-block-column-is-layout-flow\" style=\"flex-basis:66.66%\">\n<p><strong>Paiement Partag\u00e9 :<\/strong><\/p>\n\n\n\n<p class=\"has-small-font-size\">Vous pouvez r\u00e9gler individuellement votre partie ! Option disponible \u00e0 partir de l\u2019\u00e9tape paiement <em>(seulement pour une r\u00e9servation avec 3 jours d&rsquo;avance)<\/em>.<\/p>\n<\/div>\n<\/div>\n<\/div>\n\n\n\n<div class=\"wp-block-column is-vertically-aligned-top is-layout-flow wp-block-column-is-layout-flow\">\n<div class=\"wp-block-columns is-layout-flex wp-container-core-columns-is-layout-9d6595d7 wp-block-columns-is-layout-flex\">\n<div class=\"wp-block-column is-vertically-aligned-top is-layout-flow wp-block-column-is-layout-flow\" style=\"flex-basis:10%\"><div class=\"wp-block-image\">\n<figure class=\"alignleft size-full is-resized\"><img decoding=\"async\" src=\"https:\/\/rushactiongame.fr\/belfort\/wp-content\/uploads\/2023\/12\/cheque.svg\" alt=\"\" class=\"wp-image-2666\" style=\"width:auto;height:50px\"\/><\/figure>\n<\/div><\/div>\n\n\n\n<div class=\"wp-block-column is-layout-flow wp-block-column-is-layout-flow\" style=\"flex-basis:66.66%\">\n<p><strong>R\u00e8glement en ch\u00e8que ANCV :<\/strong><\/p>\n\n\n\n<p class=\"has-small-font-size\">Merci de nous contacter par <strong><a href=\"mailto:bordeaux@rushactiongame.fr\" target=\"_blank\" rel=\"noreferrer noopener\">e-mail<\/a><\/strong> ou au <strong><a href=\"tel:+33628481008\">06 28 48 10 08<\/a><\/strong> afin que l\u2019on vous r\u00e9serve votre session.<\/p>\n<\/div>\n<\/div>\n<\/div>\n<\/div>\n\n\n\n<div style=\"height:40px\" aria-hidden=\"true\" class=\"wp-block-spacer\"><\/div>\n\n\n\n<div class=\"wp-block-columns are-vertically-aligned-center is-layout-flex wp-container-core-columns-is-layout-9d6595d7 wp-block-columns-is-layout-flex\">\n<div class=\"wp-block-column is-vertically-aligned-center is-layout-flow wp-block-column-is-layout-flow\">\n<div class=\"wp-block-columns is-layout-flex wp-container-core-columns-is-layout-9d6595d7 wp-block-columns-is-layout-flex\">\n<div class=\"wp-block-column is-vertically-aligned-center is-layout-flow wp-block-column-is-layout-flow\" style=\"flex-basis:33.33%\"><div class=\"wp-block-image\">\n<figure class=\"aligncenter size-full is-resized\"><img decoding=\"async\" src=\"https:\/\/rushactiongame.fr\/belfort\/wp-content\/uploads\/2024\/11\/Figure-\u2192-rush-pregnant.svg\" alt=\"\" class=\"wp-image-4490\" style=\"width:80px\"\/><\/figure>\n<\/div><\/div>\n\n\n\n<div class=\"wp-block-column is-vertically-aligned-center is-layout-flow wp-block-column-is-layout-flow\" style=\"flex-basis:66.66%\">\n<p class=\"has-text-align-left has-white-color has-text-color has-link-color has-small-font-size wp-elements-cb56809afa105eee88b98eda0353a64d\">Interdit aux femmes enceintes<\/p>\n<\/div>\n<\/div>\n<\/div>\n\n\n\n<div class=\"wp-block-column is-vertically-aligned-center is-layout-flow wp-block-column-is-layout-flow\">\n<div class=\"wp-block-columns is-layout-flex wp-container-core-columns-is-layout-9d6595d7 wp-block-columns-is-layout-flex\">\n<div class=\"wp-block-column is-vertically-aligned-center is-layout-flow wp-block-column-is-layout-flow\" style=\"flex-basis:33.33%\"><div class=\"wp-block-image\">\n<figure class=\"aligncenter size-full is-resized\"><img decoding=\"async\" src=\"https:\/\/rushactiongame.fr\/belfort\/wp-content\/uploads\/2024\/11\/Figure-\u2192-rush-heart.svg\" alt=\"\" class=\"wp-image-4491\" style=\"width:80px\"\/><\/figure>\n<\/div><\/div>\n\n\n\n<div class=\"wp-block-column is-vertically-aligned-center is-layout-flow wp-block-column-is-layout-flow\" style=\"flex-basis:66.66%\">\n<p class=\"has-text-align-left has-white-color has-text-color has-link-color has-small-font-size wp-elements-f55adb88fcc395df13fca04232028474\">Interdit aux personnes cardiaques<\/p>\n<\/div>\n<\/div>\n<\/div>\n\n\n\n<div class=\"wp-block-column is-layout-flow wp-block-column-is-layout-flow\">\n<div class=\"wp-block-columns is-layout-flex wp-container-core-columns-is-layout-9d6595d7 wp-block-columns-is-layout-flex\">\n<div class=\"wp-block-column is-vertically-aligned-center is-layout-flow wp-block-column-is-layout-flow\" style=\"flex-basis:33.33%\"><div class=\"wp-block-image\">\n<figure class=\"aligncenter size-full is-resized\"><img decoding=\"async\" src=\"https:\/\/rushactiongame.fr\/belfort\/wp-content\/uploads\/2024\/11\/Figure-\u2192-rush-size.svg\" alt=\"\" class=\"wp-image-4492\" style=\"width:80px\"\/><\/figure>\n<\/div><\/div>\n\n\n\n<div class=\"wp-block-column is-vertically-aligned-center is-layout-flow wp-block-column-is-layout-flow\" style=\"flex-basis:66.66%\">\n<p class=\"has-text-align-left has-white-color has-text-color has-link-color has-small-font-size wp-elements-dd54b8385044b570c52312c949256a6d\">Taille min 1m30 et poids max 130kg<\/p>\n<\/div>\n<\/div>\n<\/div>\n\n\n\n<div class=\"wp-block-column is-layout-flow wp-block-column-is-layout-flow\">\n<div class=\"wp-block-columns is-layout-flex wp-container-core-columns-is-layout-9d6595d7 wp-block-columns-is-layout-flex\">\n<div class=\"wp-block-column is-vertically-aligned-center is-layout-flow wp-block-column-is-layout-flow\" style=\"flex-basis:33.33%\"><div class=\"wp-block-image\">\n<figure class=\"aligncenter size-full is-resized\"><img decoding=\"async\" src=\"https:\/\/rushactiongame.fr\/belfort\/wp-content\/uploads\/2024\/11\/Figure-\u2192-rush-shoes.svg\" alt=\"\" class=\"wp-image-4493\" style=\"width:80px\"\/><\/figure>\n<\/div><\/div>\n\n\n\n<div class=\"wp-block-column is-vertically-aligned-center is-layout-flow wp-block-column-is-layout-flow\" style=\"flex-basis:66.66%\">\n<p class=\"has-text-align-left has-white-color has-text-color has-link-color has-small-font-size wp-elements-d3f508f8f0cde3c87def0f9c52a08aac\">Tenue confortable  conseill\u00e9e<\/p>\n<\/div>\n<\/div>\n<\/div>\n<\/div>\n<\/div><\/div>\n\n\n\n<div style=\"height:50px\" aria-hidden=\"true\" class=\"wp-block-spacer\"><\/div>\n\n\n\n<div class=\"wp-block-group is-style-container hide-on-desktop\"><div class=\"wp-block-group__inner-container is-layout-constrained wp-block-group-is-layout-constrained\">\n<div class=\"wp-block-columns is-layout-flex wp-container-core-columns-is-layout-9d6595d7 wp-block-columns-is-layout-flex\">\n<div class=\"wp-block-column is-vertically-aligned-top is-layout-flow wp-block-column-is-layout-flow\"><div class=\"wp-block-image\">\n<figure class=\"aligncenter size-full is-resized\"><img decoding=\"async\" src=\"https:\/\/rushactiongame.fr\/belfort\/wp-content\/uploads\/2023\/12\/separate.svg\" alt=\"\" class=\"wp-image-2665\" style=\"width:auto;height:40px\"\/><\/figure>\n<\/div>\n\n\n<div style=\"height:10px\" aria-hidden=\"true\" class=\"wp-block-spacer\"><\/div>\n\n\n\n<p class=\"has-text-align-center has-black-color has-text-color has-link-color has-small-font-size wp-elements-f239a16a1f58d8ad4b8c3521d11b4dc4\"><strong>Paiement Partag\u00e9 :<\/strong><\/p>\n\n\n\n<p class=\"has-text-align-center has-black-color has-text-color has-link-color has-small-font-size wp-elements-48d9544c4ac4b585a81b154b83319297\">Vous pouvez r\u00e9gler individuellement votre partie ! Option disponible \u00e0 partir de l\u2019\u00e9tape paiement <em>(seulement pour une r\u00e9servation avec 3 jours d&rsquo;avance)<\/em>.<\/p>\n<\/div>\n\n\n\n<div class=\"wp-block-column is-vertically-aligned-top is-layout-flow wp-block-column-is-layout-flow\"><div class=\"wp-block-image\">\n<figure class=\"aligncenter size-full is-resized\"><img decoding=\"async\" src=\"https:\/\/rushactiongame.fr\/belfort\/wp-content\/uploads\/2023\/12\/cheque.svg\" alt=\"\" class=\"wp-image-2666\" style=\"width:auto;height:40px\"\/><\/figure>\n<\/div>\n\n\n<div style=\"height:10px\" aria-hidden=\"true\" class=\"wp-block-spacer\"><\/div>\n\n\n\n<p class=\"has-text-align-center has-black-color has-text-color has-link-color has-small-font-size wp-elements-0e4355eaef7cfa084fda538079c2c17a\"><strong>R\u00e8glement en ch\u00e8que ANCV :<\/strong><\/p>\n\n\n\n<p class=\"has-text-align-center has-black-color has-text-color has-link-color has-small-font-size wp-elements-d688c7963b9233b14b1d58c5e4a52820\">Merci de nous contacter par <strong><a href=\"mailto:bordeaux@rushactiongame.fr\" target=\"_blank\" rel=\"noreferrer noopener\">e-mail<\/a><\/strong> ou au <strong><a href=\"tel:+33628481008\">06 28 48 10 08<\/a><\/strong> afin que l\u2019on vous r\u00e9serve votre session.<\/p>\n<\/div>\n<\/div>\n\n\n\n<div style=\"height:40px\" aria-hidden=\"true\" class=\"wp-block-spacer\"><\/div>\n\n\n<div class=\"wp-block-image hide-on-desktop\">\n<figure class=\"aligncenter size-full\"><img decoding=\"async\" src=\"https:\/\/rushactiongame.fr\/belfort\/wp-content\/uploads\/2024\/11\/conditions-dacces-noir.svg\" alt=\"\" class=\"wp-image-4478\"\/><\/figure>\n<\/div><\/div><\/div>\n\n\n\n<div style=\"height:50px\" aria-hidden=\"true\" class=\"wp-block-spacer\"><\/div>\n","protected":false},"excerpt":{"rendered":"<p>Paiement Partag\u00e9 : Vous pouvez r\u00e9gler individuellement votre partie ! Option disponible \u00e0 partir de l\u2019\u00e9tape paiement (seulement pour une r\u00e9servation avec 3 jours d&rsquo;avance). R\u00e8glement en ch\u00e8que ANCV : Merci de nous contacter par e-mail ou au 06 28 48 10 08 afin que l\u2019on vous r\u00e9serve votre session. Interdit aux femmes enceintes Interdit [&hellip;]<\/p>\n","protected":false},"author":1,"featured_media":0,"parent":0,"menu_order":8,"comment_status":"closed","ping_status":"closed","template":"","meta":{"_acf_changed":false,"footnotes":""},"class_list":["post-1483","page","type-page","status-publish","hentry"],"acf":[],"yoast_head":"<!-- This site is optimized with the Yoast SEO plugin v27.3 - https:\/\/yoast.com\/product\/yoast-seo-wordpress\/ -->\n<title>Reserver - Rush Action Game Bordeaux<\/title>\n<meta name=\"robots\" content=\"index, follow, max-snippet:-1, max-image-preview:large, max-video-preview:-1\" \/>\n<link rel=\"canonical\" href=\"https:\/\/rushactiongame.fr\/bordeaux\/reserver\/\" \/>\n<meta property=\"og:locale\" content=\"fr_FR\" \/>\n<meta property=\"og:type\" content=\"article\" \/>\n<meta property=\"og:title\" content=\"Reserver - Rush Action Game Bordeaux\" \/>\n<meta property=\"og:description\" content=\"Paiement Partag\u00e9 : Vous pouvez r\u00e9gler individuellement votre partie ! Option disponible \u00e0 partir de l\u2019\u00e9tape paiement (seulement pour une r\u00e9servation avec 3 jours d&rsquo;avance). R\u00e8glement en ch\u00e8que ANCV : Merci de nous contacter par e-mail ou au 06 28 48 10 08 afin que l\u2019on vous r\u00e9serve votre session. Interdit aux femmes enceintes Interdit [&hellip;]\" \/>\n<meta property=\"og:url\" content=\"https:\/\/rushactiongame.fr\/bordeaux\/reserver\/\" \/>\n<meta property=\"og:site_name\" content=\"Rush Action Game Bordeaux\" \/>\n<meta property=\"article:modified_time\" content=\"2025-09-26T17:44:47+00:00\" \/>\n<meta name=\"twitter:card\" content=\"summary_large_image\" \/>\n<meta name=\"twitter:label1\" content=\"Dur\u00e9e de lecture estim\u00e9e\" \/>\n\t<meta name=\"twitter:data1\" content=\"3 minutes\" \/>\n<script type=\"application\/ld+json\" class=\"yoast-schema-graph\">{\"@context\":\"https:\\\/\\\/schema.org\",\"@graph\":[{\"@type\":\"WebPage\",\"@id\":\"https:\\\/\\\/rushactiongame.fr\\\/bordeaux\\\/reserver\\\/\",\"url\":\"https:\\\/\\\/rushactiongame.fr\\\/bordeaux\\\/reserver\\\/\",\"name\":\"Reserver - Rush Action Game Bordeaux\",\"isPartOf\":{\"@id\":\"https:\\\/\\\/rushactiongame.fr\\\/bordeaux\\\/#website\"},\"primaryImageOfPage\":{\"@id\":\"https:\\\/\\\/rushactiongame.fr\\\/bordeaux\\\/reserver\\\/#primaryimage\"},\"image\":{\"@id\":\"https:\\\/\\\/rushactiongame.fr\\\/bordeaux\\\/reserver\\\/#primaryimage\"},\"thumbnailUrl\":\"https:\\\/\\\/rushactiongame.fr\\\/belfort\\\/wp-content\\\/uploads\\\/2023\\\/12\\\/separate.svg\",\"datePublished\":\"2022-02-10T15:39:02+00:00\",\"dateModified\":\"2025-09-26T17:44:47+00:00\",\"breadcrumb\":{\"@id\":\"https:\\\/\\\/rushactiongame.fr\\\/bordeaux\\\/reserver\\\/#breadcrumb\"},\"inLanguage\":\"fr-FR\",\"potentialAction\":[{\"@type\":\"ReadAction\",\"target\":[\"https:\\\/\\\/rushactiongame.fr\\\/bordeaux\\\/reserver\\\/\"]}]},{\"@type\":\"ImageObject\",\"inLanguage\":\"fr-FR\",\"@id\":\"https:\\\/\\\/rushactiongame.fr\\\/bordeaux\\\/reserver\\\/#primaryimage\",\"url\":\"https:\\\/\\\/rushactiongame.fr\\\/belfort\\\/wp-content\\\/uploads\\\/2023\\\/12\\\/separate.svg\",\"contentUrl\":\"https:\\\/\\\/rushactiongame.fr\\\/belfort\\\/wp-content\\\/uploads\\\/2023\\\/12\\\/separate.svg\"},{\"@type\":\"BreadcrumbList\",\"@id\":\"https:\\\/\\\/rushactiongame.fr\\\/bordeaux\\\/reserver\\\/#breadcrumb\",\"itemListElement\":[{\"@type\":\"ListItem\",\"position\":1,\"name\":\"Accueil\",\"item\":\"https:\\\/\\\/rushactiongame.fr\\\/bordeaux\\\/\"},{\"@type\":\"ListItem\",\"position\":2,\"name\":\"Reserver\"}]},{\"@type\":\"WebSite\",\"@id\":\"https:\\\/\\\/rushactiongame.fr\\\/bordeaux\\\/#website\",\"url\":\"https:\\\/\\\/rushactiongame.fr\\\/bordeaux\\\/\",\"name\":\"Rush Action Game Bordeaux\",\"description\":\"Action Game Bordeaux\",\"publisher\":{\"@id\":\"https:\\\/\\\/rushactiongame.fr\\\/bordeaux\\\/#organization\"},\"potentialAction\":[{\"@type\":\"SearchAction\",\"target\":{\"@type\":\"EntryPoint\",\"urlTemplate\":\"https:\\\/\\\/rushactiongame.fr\\\/bordeaux\\\/?s={search_term_string}\"},\"query-input\":{\"@type\":\"PropertyValueSpecification\",\"valueRequired\":true,\"valueName\":\"search_term_string\"}}],\"inLanguage\":\"fr-FR\"},{\"@type\":\"Organization\",\"@id\":\"https:\\\/\\\/rushactiongame.fr\\\/bordeaux\\\/#organization\",\"name\":\"Rush Action Game Bordeaux\",\"url\":\"https:\\\/\\\/rushactiongame.fr\\\/bordeaux\\\/\",\"logo\":{\"@type\":\"ImageObject\",\"inLanguage\":\"fr-FR\",\"@id\":\"https:\\\/\\\/rushactiongame.fr\\\/bordeaux\\\/#\\\/schema\\\/logo\\\/image\\\/\",\"url\":\"https:\\\/\\\/rushactiongame.fr\\\/bordeaux\\\/wp-content\\\/uploads\\\/2024\\\/07\\\/cropped-favicon.png\",\"contentUrl\":\"https:\\\/\\\/rushactiongame.fr\\\/bordeaux\\\/wp-content\\\/uploads\\\/2024\\\/07\\\/cropped-favicon.png\",\"width\":512,\"height\":512,\"caption\":\"Rush Action Game Bordeaux\"},\"image\":{\"@id\":\"https:\\\/\\\/rushactiongame.fr\\\/bordeaux\\\/#\\\/schema\\\/logo\\\/image\\\/\"}}]}<\/script>\n<!-- \/ Yoast SEO plugin. -->","yoast_head_json":{"title":"Reserver - Rush Action Game Bordeaux","robots":{"index":"index","follow":"follow","max-snippet":"max-snippet:-1","max-image-preview":"max-image-preview:large","max-video-preview":"max-video-preview:-1"},"canonical":"https:\/\/rushactiongame.fr\/bordeaux\/reserver\/","og_locale":"fr_FR","og_type":"article","og_title":"Reserver - Rush Action Game Bordeaux","og_description":"Paiement Partag\u00e9 : Vous pouvez r\u00e9gler individuellement votre partie ! Option disponible \u00e0 partir de l\u2019\u00e9tape paiement (seulement pour une r\u00e9servation avec 3 jours d&rsquo;avance). R\u00e8glement en ch\u00e8que ANCV : Merci de nous contacter par e-mail ou au 06 28 48 10 08 afin que l\u2019on vous r\u00e9serve votre session. Interdit aux femmes enceintes Interdit [&hellip;]","og_url":"https:\/\/rushactiongame.fr\/bordeaux\/reserver\/","og_site_name":"Rush Action Game Bordeaux","article_modified_time":"2025-09-26T17:44:47+00:00","twitter_card":"summary_large_image","twitter_misc":{"Dur\u00e9e de lecture estim\u00e9e":"3 minutes"},"schema":{"@context":"https:\/\/schema.org","@graph":[{"@type":"WebPage","@id":"https:\/\/rushactiongame.fr\/bordeaux\/reserver\/","url":"https:\/\/rushactiongame.fr\/bordeaux\/reserver\/","name":"Reserver - Rush Action Game Bordeaux","isPartOf":{"@id":"https:\/\/rushactiongame.fr\/bordeaux\/#website"},"primaryImageOfPage":{"@id":"https:\/\/rushactiongame.fr\/bordeaux\/reserver\/#primaryimage"},"image":{"@id":"https:\/\/rushactiongame.fr\/bordeaux\/reserver\/#primaryimage"},"thumbnailUrl":"https:\/\/rushactiongame.fr\/belfort\/wp-content\/uploads\/2023\/12\/separate.svg","datePublished":"2022-02-10T15:39:02+00:00","dateModified":"2025-09-26T17:44:47+00:00","breadcrumb":{"@id":"https:\/\/rushactiongame.fr\/bordeaux\/reserver\/#breadcrumb"},"inLanguage":"fr-FR","potentialAction":[{"@type":"ReadAction","target":["https:\/\/rushactiongame.fr\/bordeaux\/reserver\/"]}]},{"@type":"ImageObject","inLanguage":"fr-FR","@id":"https:\/\/rushactiongame.fr\/bordeaux\/reserver\/#primaryimage","url":"https:\/\/rushactiongame.fr\/belfort\/wp-content\/uploads\/2023\/12\/separate.svg","contentUrl":"https:\/\/rushactiongame.fr\/belfort\/wp-content\/uploads\/2023\/12\/separate.svg"},{"@type":"BreadcrumbList","@id":"https:\/\/rushactiongame.fr\/bordeaux\/reserver\/#breadcrumb","itemListElement":[{"@type":"ListItem","position":1,"name":"Accueil","item":"https:\/\/rushactiongame.fr\/bordeaux\/"},{"@type":"ListItem","position":2,"name":"Reserver"}]},{"@type":"WebSite","@id":"https:\/\/rushactiongame.fr\/bordeaux\/#website","url":"https:\/\/rushactiongame.fr\/bordeaux\/","name":"Rush Action Game Bordeaux","description":"Action Game Bordeaux","publisher":{"@id":"https:\/\/rushactiongame.fr\/bordeaux\/#organization"},"potentialAction":[{"@type":"SearchAction","target":{"@type":"EntryPoint","urlTemplate":"https:\/\/rushactiongame.fr\/bordeaux\/?s={search_term_string}"},"query-input":{"@type":"PropertyValueSpecification","valueRequired":true,"valueName":"search_term_string"}}],"inLanguage":"fr-FR"},{"@type":"Organization","@id":"https:\/\/rushactiongame.fr\/bordeaux\/#organization","name":"Rush Action Game Bordeaux","url":"https:\/\/rushactiongame.fr\/bordeaux\/","logo":{"@type":"ImageObject","inLanguage":"fr-FR","@id":"https:\/\/rushactiongame.fr\/bordeaux\/#\/schema\/logo\/image\/","url":"https:\/\/rushactiongame.fr\/bordeaux\/wp-content\/uploads\/2024\/07\/cropped-favicon.png","contentUrl":"https:\/\/rushactiongame.fr\/bordeaux\/wp-content\/uploads\/2024\/07\/cropped-favicon.png","width":512,"height":512,"caption":"Rush Action Game Bordeaux"},"image":{"@id":"https:\/\/rushactiongame.fr\/bordeaux\/#\/schema\/logo\/image\/"}}]}},"_links":{"self":[{"href":"https:\/\/rushactiongame.fr\/bordeaux\/wp-json\/wp\/v2\/pages\/1483","targetHints":{"allow":["GET"]}}],"collection":[{"href":"https:\/\/rushactiongame.fr\/bordeaux\/wp-json\/wp\/v2\/pages"}],"about":[{"href":"https:\/\/rushactiongame.fr\/bordeaux\/wp-json\/wp\/v2\/types\/page"}],"author":[{"embeddable":true,"href":"https:\/\/rushactiongame.fr\/bordeaux\/wp-json\/wp\/v2\/users\/1"}],"replies":[{"embeddable":true,"href":"https:\/\/rushactiongame.fr\/bordeaux\/wp-json\/wp\/v2\/comments?post=1483"}],"version-history":[{"count":202,"href":"https:\/\/rushactiongame.fr\/bordeaux\/wp-json\/wp\/v2\/pages\/1483\/revisions"}],"predecessor-version":[{"id":7334,"href":"https:\/\/rushactiongame.fr\/bordeaux\/wp-json\/wp\/v2\/pages\/1483\/revisions\/7334"}],"wp:attachment":[{"href":"https:\/\/rushactiongame.fr\/bordeaux\/wp-json\/wp\/v2\/media?parent=1483"}],"curies":[{"name":"wp","href":"https:\/\/api.w.org\/{rel}","templated":true}]}}