{"id":972,"date":"2022-01-14T15:10:42","date_gmt":"2022-01-14T14:10:42","guid":{"rendered":"https:\/\/rushactiongame.fr\/angers\/?page_id=972"},"modified":"2025-06-02T17:25:19","modified_gmt":"2025-06-02T15:25:19","slug":"mentions-legales","status":"publish","type":"page","link":"https:\/\/rushactiongame.fr\/angers\/mentions-legales\/","title":{"rendered":"Mentions l\u00e9gales"},"content":{"rendered":"\n<section id=\"\" class=\"svg-text \" block-slug=\"block_56522822032f72ed60157d9cf975e54b\"\n style=\"margin-top: 15vh;margin-bottom: 0vh;\">\n    <svg height=\"8vh\" width=\"35vw\">\n        <text x=\"0\" y=\"50%\" textLength=\"35vw\" style=\"font-size: 8vh\" >MENTIONS<\/text>\n    <\/svg>\n<\/section>\n\n\n<section id=\"\" class=\"svg-text \" block-slug=\"block_1e04c7aab69aedbbf4160a7bc5255fc0\"\n style=\"margin-top: 2vh;margin-bottom: 10vh;\">\n    <svg height=\"8vh\" width=\"30vw\">\n        <text x=\"0\" y=\"50%\" textLength=\"30vw\" style=\"font-size: 8vh\" >L\u00c9GALES<\/text>\n    <\/svg>\n<\/section>\n\n\n<div class=\"wp-block-group is-style-container has-white-color has-text-color\"><div class=\"wp-block-group__inner-container is-layout-flow wp-block-group-is-layout-flow\">\n<h3 class=\"wp-block-heading\"><strong>RUSH Action<\/strong> Game<\/h3>\n\n\n\n<p>5 rue du Landreau,<br>49 070 Beaucouz\u00e9<\/p>\n\n\n\n<p>Num\u00e9ro de t\u00e9l\u00e9phone : <strong><a href=\"tel:33763718510\">07 63 71 85 1<\/a><a href=\"tel:+33763718510\">0<\/a><\/strong><br>E-mail : <a href=\"mailto:angers@rushactiongame.fr\">angers@rushactiongame.fr<\/a><\/p>\n\n\n\n<div class=\"wp-block-group\"><div class=\"wp-block-group__inner-container is-layout-flow wp-block-group-is-layout-flow\">\n<hr class=\"wp-block-separator has-text-color has-css-opacity has-background is-style-wide\" style=\"background-color:#dcdcdc;color:#dcdcdc\"\/>\n<\/div><\/div>\n\n\n\n<h3 class=\"wp-block-heading\"><strong>WebDesign&nbsp;&amp; Cr\u00e9ation<\/strong><\/h3>\n\n\n\n<p class=\"has-white-color has-text-color has-link-color wp-elements-ea8752ca5e40f1cb780fa779f797d8fe\"><a href=\"https:\/\/agence-communication-bordeaux.com\/\">Agence S\u00f5<strong>crea<\/strong>tiv\u2019&nbsp;[ design C\u00f5mmunicatif ]<br><\/a><a href=\"https:\/\/maps.app.goo.gl\/hLB3moWQH53TQBPs6\">H15 | Now\u00ae, Quai des Chartrons ~ Bordeaux<\/a><\/p>\n\n\n\n<p class=\"has-white-color has-text-color has-link-color wp-elements-f3732094c725629395496940154290c1\"><a href=\"https:\/\/socreativ.com\/\">S\u00f5<strong>crea<\/strong>tiv\u2019<\/a>,&nbsp;<a href=\"http:\/\/visiter-barcelone.com\/\">Visiter-barcelone.com<\/a>&nbsp;et&nbsp;<a href=\"http:\/\/visiter-rome.com\/\">Visiter-rome.com<\/a>&nbsp;marque d\u00e9pos\u00e9es par&nbsp;<a href=\"https:\/\/agence-communication-bordeaux.com\/\">S\u00f5<strong>crea<\/strong>tiv\u2019<\/a>&nbsp;<a href=\"https:\/\/www.creation-sites-internet-libourne.com\/\">N<\/a><a href=\"https:\/\/creation-sites-internet-merignac.com\/\">o<\/a><a href=\"https:\/\/creation-sites-internet-arcachon.com\/\">u<\/a><a href=\"https:\/\/creation-site-internet-bayonne.com\/\">v<\/a><a href=\"https:\/\/creation-sites-internet-langon.com\/\">e<\/a><a href=\"https:\/\/creation-sites-internet-perigueux.com\/\">l<\/a><a href=\"https:\/\/creation-sites-internet-brive.com\/\">l<\/a><a href=\"https:\/\/creation-site-internet-larochelle.com\/\">e<\/a><a href=\"https:\/\/creation-sites-internet-toulouse.com\/\">&#8211;<\/a><a href=\"https:\/\/creation-sites-internet-pau.com\/\">A<\/a><a href=\"https:\/\/creation-sites-internet-poitiers.com\/\">q<\/a><a href=\"https:\/\/creation-site-internet-sarlat.com\/\">u<\/a><a href=\"https:\/\/creation-site-internet-mont-de-marsan.com\/\">i<\/a><a href=\"https:\/\/creation-site-internet-biarritz.com\/\">t<\/a>aine<\/p>\n\n\n\n<div class=\"wp-block-group\"><div class=\"wp-block-group__inner-container is-layout-flow wp-block-group-is-layout-flow\">\n<hr class=\"wp-block-separator has-text-color has-css-opacity has-background is-style-wide\" style=\"background-color:#dcdcdc;color:#dcdcdc\"\/>\n<\/div><\/div>\n\n\n\n<h3 class=\"wp-block-heading\"><strong>H\u00e9bergement&nbsp;Serveurs &amp; Back-up<\/strong><\/h3>\n\n\n\n<p>Soci\u00e9t\u00e9&nbsp;OVH2 rue Kellermann ~ Roubaix https:\/\/ovh.com<\/p>\n\n\n\n<div class=\"wp-block-group\"><div class=\"wp-block-group__inner-container is-layout-flow wp-block-group-is-layout-flow\">\n<hr class=\"wp-block-separator has-text-color has-css-opacity has-background is-style-wide\" style=\"background-color:#dcdcdc;color:#dcdcdc\"\/>\n<\/div><\/div>\n\n\n\n<h3 class=\"wp-block-heading\"><strong>L\u2019acc\u00e8s ou l\u2019exploitation de ce site vaut acceptation des pr\u00e9sentes dispositions<\/strong><\/h3>\n\n\n\n<div class=\"wp-block-group\"><div class=\"wp-block-group__inner-container is-layout-flow wp-block-group-is-layout-flow\">\n<hr class=\"wp-block-separator has-text-color has-css-opacity has-background is-style-wide\" style=\"background-color:#dcdcdc;color:#dcdcdc\"\/>\n<\/div><\/div>\n\n\n\n<h3 class=\"wp-block-heading\"><strong>Limite de responsabilit\u00e9<\/strong><\/h3>\n\n\n\n<div class=\"wp-block-group\"><div class=\"wp-block-group__inner-container is-layout-flow wp-block-group-is-layout-flow\">\n<hr class=\"wp-block-separator has-text-color has-css-opacity has-background is-style-wide\" style=\"background-color:#dcdcdc;color:#dcdcdc\"\/>\n<\/div><\/div>\n\n\n\n<h3 class=\"wp-block-heading\"><strong>Remarques et communications<\/strong><\/h3>\n\n\n\n<div class=\"wp-block-group\"><div class=\"wp-block-group__inner-container is-layout-flow wp-block-group-is-layout-flow\">\n<hr class=\"wp-block-separator has-text-color has-css-opacity has-background is-style-wide\" style=\"background-color:#dcdcdc;color:#dcdcdc\"\/>\n<\/div><\/div>\n\n\n\n<h3 class=\"wp-block-heading\"><strong>L\u00e9gislation et juridiction comp\u00e9tente<\/strong><\/h3>\n\n\n\n<p>Les pr\u00e9sentes Conditions seront r\u00e9gies, interpr\u00e9t\u00e9es et appliqu\u00e9es selon la loi fran\u00e7aise, sauf indication contraire affich\u00e9e sur le site. Tout litige r\u00e9sultant de l\u2019interpr\u00e9tation et de l\u2019application des dites Conditions sera de la comp\u00e9tence exclusive des tribunaux fran\u00e7ais, sauf indication contraire affich\u00e9e sur le site.&nbsp;En mati\u00e8re de comp\u00e9tence juridictionnelle, le consommateur peut saisir la juridiction du lieu o\u00f9 demeure le d\u00e9fendeur, la&nbsp;juridiction du lieu de l\u2019ex\u00e9cution de la prestation de service ou la juridiction du lieu o\u00f9 il demeurait au moment de la conclusion du contrat ou de la survenance du fait dommageable.<\/p>\n\n\n\n<div class=\"wp-block-group\"><div class=\"wp-block-group__inner-container is-layout-flow wp-block-group-is-layout-flow\">\n<hr class=\"wp-block-separator has-text-color has-css-opacity has-background is-style-wide\" style=\"background-color:#dcdcdc;color:#dcdcdc\"\/>\n<\/div><\/div>\n\n\n\n<h3 class=\"wp-block-heading\"><strong>Cookies<\/strong><\/h3>\n\n\n\n<p>Si vous \u00eates une structure et que vous constatez une erreur, nous vous remercions de bien vouloir nous en faire part par mail : <a href=\"mailto:angers@rushactiongame.fr\">angers@rushactiongame.fr<\/a> ou par t\u00e9l\u00e9phone au <strong><a href=\"tel:+33763718510\">0763718510<\/a><\/strong><\/p>\n\n\n\n<p><em>Conform\u00e9ment au r\u00e8glement europ\u00e9en n\u00b02016\/679 (RGPD) et \u00e0 la loi fran\u00e7aise dite \u00ab\u00a0Informatique et Libert\u00e9s\u00a0\u00bb, vous b\u00e9n\u00e9ficiez en toute circonstance d&rsquo;un droit d&rsquo;acc\u00e8s, de modification, d&rsquo;opposition et de retrait des informations vous concernant. Pour ne plus apparaitre sur le site ou mettre \u00e0 jours vos pr\u00e9f\u00e9rences de communication, vous pouvez nous contacter au 05.56.51.56.51 ou par mail <\/em><a href=\"mailto:angers@rushactiongame.fr\">angers@rushactiongame.fr<\/a><\/p>\n<\/div><\/div>\n\n\n\n<div style=\"height:100px\" aria-hidden=\"true\" class=\"wp-block-spacer\"><\/div>\n","protected":false},"excerpt":{"rendered":"<p>RUSH Action Game 5 rue du Landreau,49 070 Beaucouz\u00e9 Num\u00e9ro de t\u00e9l\u00e9phone : 07 63 71 85 10E-mail : angers@rushactiongame.fr WebDesign&nbsp;&amp; Cr\u00e9ation Agence S\u00f5creativ\u2019&nbsp;[ design C\u00f5mmunicatif ]H15 | Now\u00ae, Quai des Chartrons ~ Bordeaux S\u00f5creativ\u2019,&nbsp;Visiter-barcelone.com&nbsp;et&nbsp;Visiter-rome.com&nbsp;marque d\u00e9pos\u00e9es par&nbsp;S\u00f5creativ\u2019&nbsp;Nouvelle&#8211;Aquitaine H\u00e9bergement&nbsp;Serveurs &amp; Back-up Soci\u00e9t\u00e9&nbsp;OVH2 rue Kellermann ~ Roubaix https:\/\/ovh.com L\u2019acc\u00e8s ou l\u2019exploitation de ce site vaut acceptation des [&hellip;]<\/p>\n","protected":false},"author":7,"featured_media":0,"parent":0,"menu_order":14,"comment_status":"closed","ping_status":"closed","template":"","meta":{"_acf_changed":false,"footnotes":""},"class_list":["post-972","page","type-page","status-publish","hentry"],"acf":[],"yoast_head":"<!-- This site is optimized with the Yoast SEO plugin v27.4 - https:\/\/yoast.com\/product\/yoast-seo-wordpress\/ -->\n<title>Mentions l\u00e9gales - Rush Action Game Angers<\/title>\n<meta name=\"robots\" content=\"index, follow, max-snippet:-1, max-image-preview:large, max-video-preview:-1\" \/>\n<link rel=\"canonical\" href=\"https:\/\/rushactiongame.fr\/angers\/mentions-legales\/\" \/>\n<meta property=\"og:locale\" content=\"fr_FR\" \/>\n<meta property=\"og:type\" content=\"article\" \/>\n<meta property=\"og:title\" content=\"Mentions l\u00e9gales - Rush Action Game Angers\" \/>\n<meta property=\"og:description\" content=\"RUSH Action Game 5 rue du Landreau,49 070 Beaucouz\u00e9 Num\u00e9ro de t\u00e9l\u00e9phone : 07 63 71 85 10E-mail : angers@rushactiongame.fr WebDesign&nbsp;&amp; Cr\u00e9ation Agence S\u00f5creativ\u2019&nbsp;[ design C\u00f5mmunicatif ]H15 | Now\u00ae, Quai des Chartrons ~ Bordeaux S\u00f5creativ\u2019,&nbsp;Visiter-barcelone.com&nbsp;et&nbsp;Visiter-rome.com&nbsp;marque d\u00e9pos\u00e9es par&nbsp;S\u00f5creativ\u2019&nbsp;Nouvelle&#8211;Aquitaine H\u00e9bergement&nbsp;Serveurs &amp; Back-up Soci\u00e9t\u00e9&nbsp;OVH2 rue Kellermann ~ Roubaix https:\/\/ovh.com L\u2019acc\u00e8s ou l\u2019exploitation de ce site vaut acceptation des [&hellip;]\" \/>\n<meta property=\"og:url\" content=\"https:\/\/rushactiongame.fr\/angers\/mentions-legales\/\" \/>\n<meta property=\"og:site_name\" content=\"Rush Action Game Angers\" \/>\n<meta property=\"article:modified_time\" content=\"2025-06-02T15:25:19+00:00\" \/>\n<meta name=\"twitter:card\" content=\"summary_large_image\" \/>\n<meta name=\"twitter:label1\" content=\"Dur\u00e9e de lecture estim\u00e9e\" \/>\n\t<meta name=\"twitter:data1\" content=\"2 minutes\" \/>\n<script type=\"application\/ld+json\" class=\"yoast-schema-graph\">{\"@context\":\"https:\\\/\\\/schema.org\",\"@graph\":[{\"@type\":\"WebPage\",\"@id\":\"https:\\\/\\\/rushactiongame.fr\\\/angers\\\/mentions-legales\\\/\",\"url\":\"https:\\\/\\\/rushactiongame.fr\\\/angers\\\/mentions-legales\\\/\",\"name\":\"Mentions l\u00e9gales - Rush Action Game Angers\",\"isPartOf\":{\"@id\":\"https:\\\/\\\/rushactiongame.fr\\\/angers\\\/#website\"},\"datePublished\":\"2022-01-14T14:10:42+00:00\",\"dateModified\":\"2025-06-02T15:25:19+00:00\",\"breadcrumb\":{\"@id\":\"https:\\\/\\\/rushactiongame.fr\\\/angers\\\/mentions-legales\\\/#breadcrumb\"},\"inLanguage\":\"fr-FR\",\"potentialAction\":[{\"@type\":\"ReadAction\",\"target\":[\"https:\\\/\\\/rushactiongame.fr\\\/angers\\\/mentions-legales\\\/\"]}]},{\"@type\":\"BreadcrumbList\",\"@id\":\"https:\\\/\\\/rushactiongame.fr\\\/angers\\\/mentions-legales\\\/#breadcrumb\",\"itemListElement\":[{\"@type\":\"ListItem\",\"position\":1,\"name\":\"Accueil\",\"item\":\"https:\\\/\\\/rushactiongame.fr\\\/angers\\\/\"},{\"@type\":\"ListItem\",\"position\":2,\"name\":\"Mentions l\u00e9gales\"}]},{\"@type\":\"WebSite\",\"@id\":\"https:\\\/\\\/rushactiongame.fr\\\/angers\\\/#website\",\"url\":\"https:\\\/\\\/rushactiongame.fr\\\/angers\\\/\",\"name\":\"Rush Action Game Angers\",\"description\":\"1er Action Game de Angers\",\"potentialAction\":[{\"@type\":\"SearchAction\",\"target\":{\"@type\":\"EntryPoint\",\"urlTemplate\":\"https:\\\/\\\/rushactiongame.fr\\\/angers\\\/?s={search_term_string}\"},\"query-input\":{\"@type\":\"PropertyValueSpecification\",\"valueRequired\":true,\"valueName\":\"search_term_string\"}}],\"inLanguage\":\"fr-FR\"}]}<\/script>\n<!-- \/ Yoast SEO plugin. -->","yoast_head_json":{"title":"Mentions l\u00e9gales - Rush Action Game Angers","robots":{"index":"index","follow":"follow","max-snippet":"max-snippet:-1","max-image-preview":"max-image-preview:large","max-video-preview":"max-video-preview:-1"},"canonical":"https:\/\/rushactiongame.fr\/angers\/mentions-legales\/","og_locale":"fr_FR","og_type":"article","og_title":"Mentions l\u00e9gales - Rush Action Game Angers","og_description":"RUSH Action Game 5 rue du Landreau,49 070 Beaucouz\u00e9 Num\u00e9ro de t\u00e9l\u00e9phone : 07 63 71 85 10E-mail : angers@rushactiongame.fr WebDesign&nbsp;&amp; Cr\u00e9ation Agence S\u00f5creativ\u2019&nbsp;[ design C\u00f5mmunicatif ]H15 | Now\u00ae, Quai des Chartrons ~ Bordeaux S\u00f5creativ\u2019,&nbsp;Visiter-barcelone.com&nbsp;et&nbsp;Visiter-rome.com&nbsp;marque d\u00e9pos\u00e9es par&nbsp;S\u00f5creativ\u2019&nbsp;Nouvelle&#8211;Aquitaine H\u00e9bergement&nbsp;Serveurs &amp; Back-up Soci\u00e9t\u00e9&nbsp;OVH2 rue Kellermann ~ Roubaix https:\/\/ovh.com L\u2019acc\u00e8s ou l\u2019exploitation de ce site vaut acceptation des [&hellip;]","og_url":"https:\/\/rushactiongame.fr\/angers\/mentions-legales\/","og_site_name":"Rush Action Game Angers","article_modified_time":"2025-06-02T15:25:19+00:00","twitter_card":"summary_large_image","twitter_misc":{"Dur\u00e9e de lecture estim\u00e9e":"2 minutes"},"schema":{"@context":"https:\/\/schema.org","@graph":[{"@type":"WebPage","@id":"https:\/\/rushactiongame.fr\/angers\/mentions-legales\/","url":"https:\/\/rushactiongame.fr\/angers\/mentions-legales\/","name":"Mentions l\u00e9gales - Rush Action Game Angers","isPartOf":{"@id":"https:\/\/rushactiongame.fr\/angers\/#website"},"datePublished":"2022-01-14T14:10:42+00:00","dateModified":"2025-06-02T15:25:19+00:00","breadcrumb":{"@id":"https:\/\/rushactiongame.fr\/angers\/mentions-legales\/#breadcrumb"},"inLanguage":"fr-FR","potentialAction":[{"@type":"ReadAction","target":["https:\/\/rushactiongame.fr\/angers\/mentions-legales\/"]}]},{"@type":"BreadcrumbList","@id":"https:\/\/rushactiongame.fr\/angers\/mentions-legales\/#breadcrumb","itemListElement":[{"@type":"ListItem","position":1,"name":"Accueil","item":"https:\/\/rushactiongame.fr\/angers\/"},{"@type":"ListItem","position":2,"name":"Mentions l\u00e9gales"}]},{"@type":"WebSite","@id":"https:\/\/rushactiongame.fr\/angers\/#website","url":"https:\/\/rushactiongame.fr\/angers\/","name":"Rush Action Game Angers","description":"1er Action Game de Angers","potentialAction":[{"@type":"SearchAction","target":{"@type":"EntryPoint","urlTemplate":"https:\/\/rushactiongame.fr\/angers\/?s={search_term_string}"},"query-input":{"@type":"PropertyValueSpecification","valueRequired":true,"valueName":"search_term_string"}}],"inLanguage":"fr-FR"}]}},"_links":{"self":[{"href":"https:\/\/rushactiongame.fr\/angers\/wp-json\/wp\/v2\/pages\/972","targetHints":{"allow":["GET"]}}],"collection":[{"href":"https:\/\/rushactiongame.fr\/angers\/wp-json\/wp\/v2\/pages"}],"about":[{"href":"https:\/\/rushactiongame.fr\/angers\/wp-json\/wp\/v2\/types\/page"}],"author":[{"embeddable":true,"href":"https:\/\/rushactiongame.fr\/angers\/wp-json\/wp\/v2\/users\/7"}],"replies":[{"embeddable":true,"href":"https:\/\/rushactiongame.fr\/angers\/wp-json\/wp\/v2\/comments?post=972"}],"version-history":[{"count":38,"href":"https:\/\/rushactiongame.fr\/angers\/wp-json\/wp\/v2\/pages\/972\/revisions"}],"predecessor-version":[{"id":4864,"href":"https:\/\/rushactiongame.fr\/angers\/wp-json\/wp\/v2\/pages\/972\/revisions\/4864"}],"wp:attachment":[{"href":"https:\/\/rushactiongame.fr\/angers\/wp-json\/wp\/v2\/media?parent=972"}],"curies":[{"name":"wp","href":"https:\/\/api.w.org\/{rel}","templated":true}]}}